{"id":1629,"date":"2025-03-23T21:52:47","date_gmt":"2025-03-23T20:52:47","guid":{"rendered":"https:\/\/www.forest-adventures.eu\/reserva\/"},"modified":"2026-04-24T20:49:38","modified_gmt":"2026-04-24T18:49:38","slug":"reserva","status":"publish","type":"page","link":"https:\/\/www.forest-adventures.eu\/es\/reserva\/","title":{"rendered":"Reserva"},"content":{"rendered":"<!--themify_builder_content-->\n<div id=\"themify_builder_content-1629\" data-postid=\"1629\" class=\"themify_builder_content themify_builder_content-1629 themify_builder tf_clear\">\n                    <div  data-lazy=\"1\" class=\"module_row themify_builder_row tb_6rzl668 tb_first tf_w\">\n                        <div class=\"row_inner col_align_top tb_col_count_1 tf_box tf_rel\">\n                        <div  data-lazy=\"1\" class=\"module_column tb-column col-full tb_l28d668 first\">\n                    <!-- module text -->\n<div  class=\"module module-text tb_86ha422   \" data-lazy=\"1\">\n        <div  class=\"tb_text_wrap\">\n        <div class=\"module module-fancy-heading tb_m5y6367 tb_hide_divider\"><h1 class=\"fancy-heading\"><span class=\"main-head tf_block\">Libro Observaci\u00f3n del oso<\/span><\/h1><\/div><div class=\"module module-text tb_9yti803\"><div class=\"tb_text_wrap\"><h3>LISTA DE PRECIOS DE VIGILANCIA DE OSOS:<\/h3><ul data-start=\"180\" data-end=\"316\"><li data-section-id=\"yapmal\" data-start=\"180\" data-end=\"198\">1 persona &#8211; 90<\/li><li data-section-id=\"seg43h\" data-start=\"199\" data-end=\"219\">2 personas &#8211; 180<\/li><li data-section-id=\"3iadf7\" data-start=\"220\" data-end=\"240\">3 personas &#8211; 240<\/li><li data-section-id=\"diw66w\" data-start=\"241\" data-end=\"261\">4 personas &#8211; 280<\/li><li data-section-id=\"1olde8s\" data-start=\"262\" data-end=\"316\">5 personas o m\u00e1s &#8211; 60\u20ac \/ persona <em data-start=\"297\" data-end=\"314\">(m\u00e1x. 8 personas)<\/em><\/li><\/ul><p data-start=\"318\" data-end=\"343\"><strong data-start=\"318\" data-end=\"343\">Bonificaci\u00f3n familiar especial:<\/strong><\/p><ul data-start=\"344\" data-end=\"397\"><li data-section-id=\"a244ha\" data-start=\"344\" data-end=\"370\">Hasta 4 personas &#8211; 200***<\/li><li data-section-id=\"4m15zh\" data-start=\"371\" data-end=\"397\">Hasta 5 personas &#8211; 220\u20ac***<\/li><\/ul><p data-start=\"399\" data-end=\"528\"><em data-start=\"399\" data-end=\"528\">***La bonificaci\u00f3n familiar s\u00f3lo se aplica a los padres o tutores acompa\u00f1ados de sus hijos (menores de 18 a\u00f1os). Los grupos s\u00f3lo de adultos no son elegibles. <\/em><\/p><p>Correo electr\u00f3nico: <a href=\"mailto:Info@forest-adventures.eu\">Info@forest-adventures.eu<\/a><\/p><p>GSM: <a href=\"tel:+38630333533\">+386 30 333 533<\/a><\/p><p>WhatsApp: <a href=\"https:\/\/api.whatsapp.com\/send?phone=38630333533\"><img loading=\"lazy\" decoding=\"async\" class=\"whatsapp-icon\" src=\"https:\/\/www.forest-adventures.eu\/wp-content\/uploads\/2021\/08\/whatsapp-e1628749593454.png\" alt=\"Icono de WhatsApp\" width=\"32\" height=\"33\" data-tf-not-load=\"1\"><\/a> <a href=\"https:\/\/api.whatsapp.com\/send?phone=38630333533\">+386 30 333 533<\/a><\/p><\/div><\/div><div class=\"module module-image tb_d3u9829 image-top tf_mw\"><h3 class=\"module-title\">Comienza la observaci\u00f3n de osos en la ciudad de Postojna<\/h3><\/div>    <\/div>\n<\/div>\n<!-- \/module text -->        <\/div>\n                        <\/div>\n        <\/div>\n        <\/div>\n<!--\/themify_builder_content-->","protected":false},"excerpt":{"rendered":"<p>Libro Observaci\u00f3n del oso LISTA DE PRECIOS DE VIGILANCIA DE OSOS: 1 persona &#8211; 90 2 personas &#8211; 180 3 personas &#8211; 240 4 personas &#8211; 280 5 personas o m\u00e1s &#8211; 60\u20ac \/ persona (m\u00e1x. 8 personas) Bonificaci\u00f3n familiar especial: Hasta 4 personas &#8211; 200*** Hasta 5 personas &#8211; 220\u20ac*** ***La bonificaci\u00f3n familiar s\u00f3lo [&hellip;]<\/p>\n","protected":false},"author":1,"featured_media":0,"parent":0,"menu_order":0,"comment_status":"closed","ping_status":"closed","template":"","meta":{"footnotes":""},"class_list":["post-1629","page","type-page","status-publish","placeholder-for-hentry","has-post-title","has-post-date","has-post-category","has-post-tag","has-post-comment","has-post-author",""],"yoast_head":"<!-- This site is optimized with the Yoast SEO plugin v27.4 - https:\/\/yoast.com\/product\/yoast-seo-wordpress\/ -->\n<title>Reserva - FORest ADVENTURES<\/title>\n<meta name=\"robots\" content=\"index, follow, max-snippet:-1, max-image-preview:large, max-video-preview:-1\" \/>\n<link rel=\"canonical\" href=\"https:\/\/www.forest-adventures.eu\/es\/reserva\/\" \/>\n<meta property=\"og:locale\" content=\"es_ES\" \/>\n<meta property=\"og:type\" content=\"article\" \/>\n<meta property=\"og:title\" content=\"Reserva - FORest ADVENTURES\" \/>\n<meta property=\"og:description\" content=\"Libro Observaci\u00f3n del oso LISTA DE PRECIOS DE VIGILANCIA DE OSOS: 1 persona &#8211; 90 2 personas &#8211; 180 3 personas &#8211; 240 4 personas &#8211; 280 5 personas o m\u00e1s &#8211; 60\u20ac \/ persona (m\u00e1x. 8 personas) Bonificaci\u00f3n familiar especial: Hasta 4 personas &#8211; 200*** Hasta 5 personas &#8211; 220\u20ac*** ***La bonificaci\u00f3n familiar s\u00f3lo [&hellip;]\" \/>\n<meta property=\"og:url\" content=\"https:\/\/www.forest-adventures.eu\/es\/reserva\/\" \/>\n<meta property=\"og:site_name\" content=\"FORest ADVENTURES\" \/>\n<meta property=\"article:publisher\" content=\"https:\/\/www.facebook.com\/forestadventures.eu\/\" \/>\n<meta property=\"article:modified_time\" content=\"2026-04-24T18:49:38+00:00\" \/>\n<meta property=\"og:image\" content=\"https:\/\/www.forest-adventures.eu\/wp-content\/uploads\/2021\/08\/whatsapp-e1628749593454.png\" \/>\n<meta name=\"twitter:card\" content=\"summary_large_image\" \/>\n<script type=\"application\/ld+json\" class=\"yoast-schema-graph\">{\"@context\":\"https:\\\/\\\/schema.org\",\"@graph\":[{\"@type\":\"WebPage\",\"@id\":\"https:\\\/\\\/www.forest-adventures.eu\\\/es\\\/reserva\\\/\",\"url\":\"https:\\\/\\\/www.forest-adventures.eu\\\/es\\\/reserva\\\/\",\"name\":\"Reserva - FORest ADVENTURES\",\"isPartOf\":{\"@id\":\"https:\\\/\\\/www.forest-adventures.eu\\\/es\\\/#website\"},\"primaryImageOfPage\":{\"@id\":\"https:\\\/\\\/www.forest-adventures.eu\\\/es\\\/reserva\\\/#primaryimage\"},\"image\":{\"@id\":\"https:\\\/\\\/www.forest-adventures.eu\\\/es\\\/reserva\\\/#primaryimage\"},\"thumbnailUrl\":\"https:\\\/\\\/www.forest-adventures.eu\\\/wp-content\\\/uploads\\\/2021\\\/08\\\/whatsapp-e1628749593454.png\",\"datePublished\":\"2025-03-23T20:52:47+00:00\",\"dateModified\":\"2026-04-24T18:49:38+00:00\",\"breadcrumb\":{\"@id\":\"https:\\\/\\\/www.forest-adventures.eu\\\/es\\\/reserva\\\/#breadcrumb\"},\"inLanguage\":\"es\",\"potentialAction\":[{\"@type\":\"ReadAction\",\"target\":[\"https:\\\/\\\/www.forest-adventures.eu\\\/es\\\/reserva\\\/\"]}]},{\"@type\":\"ImageObject\",\"inLanguage\":\"es\",\"@id\":\"https:\\\/\\\/www.forest-adventures.eu\\\/es\\\/reserva\\\/#primaryimage\",\"url\":\"https:\\\/\\\/www.forest-adventures.eu\\\/wp-content\\\/uploads\\\/2021\\\/08\\\/whatsapp-e1628749593454.png\",\"contentUrl\":\"https:\\\/\\\/www.forest-adventures.eu\\\/wp-content\\\/uploads\\\/2021\\\/08\\\/whatsapp-e1628749593454.png\"},{\"@type\":\"BreadcrumbList\",\"@id\":\"https:\\\/\\\/www.forest-adventures.eu\\\/es\\\/reserva\\\/#breadcrumb\",\"itemListElement\":[{\"@type\":\"ListItem\",\"position\":1,\"name\":\"Home\",\"item\":\"https:\\\/\\\/www.forest-adventures.eu\\\/es\\\/observacion-de-osos-en-eslovenia\\\/\"},{\"@type\":\"ListItem\",\"position\":2,\"name\":\"Reserva\"}]},{\"@type\":\"WebSite\",\"@id\":\"https:\\\/\\\/www.forest-adventures.eu\\\/es\\\/#website\",\"url\":\"https:\\\/\\\/www.forest-adventures.eu\\\/es\\\/\",\"name\":\"FORest ADVENTURES\",\"description\":\"Observaci\u00f3n de osos en Eslovenia. Observa a los osos en su h\u00e1bitat natural, de manera segura y responsable, con nosotros.\",\"potentialAction\":[{\"@type\":\"SearchAction\",\"target\":{\"@type\":\"EntryPoint\",\"urlTemplate\":\"https:\\\/\\\/www.forest-adventures.eu\\\/es\\\/?s={search_term_string}\"},\"query-input\":{\"@type\":\"PropertyValueSpecification\",\"valueRequired\":true,\"valueName\":\"search_term_string\"}}],\"inLanguage\":\"es\"}]}<\/script>\n<!-- \/ Yoast SEO plugin. -->","yoast_head_json":{"title":"Reserva - FORest ADVENTURES","robots":{"index":"index","follow":"follow","max-snippet":"max-snippet:-1","max-image-preview":"max-image-preview:large","max-video-preview":"max-video-preview:-1"},"canonical":"https:\/\/www.forest-adventures.eu\/es\/reserva\/","og_locale":"es_ES","og_type":"article","og_title":"Reserva - FORest ADVENTURES","og_description":"Libro Observaci\u00f3n del oso LISTA DE PRECIOS DE VIGILANCIA DE OSOS: 1 persona &#8211; 90 2 personas &#8211; 180 3 personas &#8211; 240 4 personas &#8211; 280 5 personas o m\u00e1s &#8211; 60\u20ac \/ persona (m\u00e1x. 8 personas) Bonificaci\u00f3n familiar especial: Hasta 4 personas &#8211; 200*** Hasta 5 personas &#8211; 220\u20ac*** ***La bonificaci\u00f3n familiar s\u00f3lo [&hellip;]","og_url":"https:\/\/www.forest-adventures.eu\/es\/reserva\/","og_site_name":"FORest ADVENTURES","article_publisher":"https:\/\/www.facebook.com\/forestadventures.eu\/","article_modified_time":"2026-04-24T18:49:38+00:00","og_image":[{"url":"https:\/\/www.forest-adventures.eu\/wp-content\/uploads\/2021\/08\/whatsapp-e1628749593454.png","type":"","width":"","height":""}],"twitter_card":"summary_large_image","schema":{"@context":"https:\/\/schema.org","@graph":[{"@type":"WebPage","@id":"https:\/\/www.forest-adventures.eu\/es\/reserva\/","url":"https:\/\/www.forest-adventures.eu\/es\/reserva\/","name":"Reserva - FORest ADVENTURES","isPartOf":{"@id":"https:\/\/www.forest-adventures.eu\/es\/#website"},"primaryImageOfPage":{"@id":"https:\/\/www.forest-adventures.eu\/es\/reserva\/#primaryimage"},"image":{"@id":"https:\/\/www.forest-adventures.eu\/es\/reserva\/#primaryimage"},"thumbnailUrl":"https:\/\/www.forest-adventures.eu\/wp-content\/uploads\/2021\/08\/whatsapp-e1628749593454.png","datePublished":"2025-03-23T20:52:47+00:00","dateModified":"2026-04-24T18:49:38+00:00","breadcrumb":{"@id":"https:\/\/www.forest-adventures.eu\/es\/reserva\/#breadcrumb"},"inLanguage":"es","potentialAction":[{"@type":"ReadAction","target":["https:\/\/www.forest-adventures.eu\/es\/reserva\/"]}]},{"@type":"ImageObject","inLanguage":"es","@id":"https:\/\/www.forest-adventures.eu\/es\/reserva\/#primaryimage","url":"https:\/\/www.forest-adventures.eu\/wp-content\/uploads\/2021\/08\/whatsapp-e1628749593454.png","contentUrl":"https:\/\/www.forest-adventures.eu\/wp-content\/uploads\/2021\/08\/whatsapp-e1628749593454.png"},{"@type":"BreadcrumbList","@id":"https:\/\/www.forest-adventures.eu\/es\/reserva\/#breadcrumb","itemListElement":[{"@type":"ListItem","position":1,"name":"Home","item":"https:\/\/www.forest-adventures.eu\/es\/observacion-de-osos-en-eslovenia\/"},{"@type":"ListItem","position":2,"name":"Reserva"}]},{"@type":"WebSite","@id":"https:\/\/www.forest-adventures.eu\/es\/#website","url":"https:\/\/www.forest-adventures.eu\/es\/","name":"FORest ADVENTURES","description":"Observaci\u00f3n de osos en Eslovenia. Observa a los osos en su h\u00e1bitat natural, de manera segura y responsable, con nosotros.","potentialAction":[{"@type":"SearchAction","target":{"@type":"EntryPoint","urlTemplate":"https:\/\/www.forest-adventures.eu\/es\/?s={search_term_string}"},"query-input":{"@type":"PropertyValueSpecification","valueRequired":true,"valueName":"search_term_string"}}],"inLanguage":"es"}]}},"builder_content":"<h1>Libro Observaci\u00f3n del oso<\/h1><h3>LISTA DE PRECIOS DE VIGILANCIA DE OSOS:<\/h3><ul data-start=\"180\" data-end=\"316\"><li data-section-id=\"yapmal\" data-start=\"180\" data-end=\"198\">1 persona - 90<\/li><li data-section-id=\"seg43h\" data-start=\"199\" data-end=\"219\">2 personas - 180<\/li><li data-section-id=\"3iadf7\" data-start=\"220\" data-end=\"240\">3 personas - 240<\/li><li data-section-id=\"diw66w\" data-start=\"241\" data-end=\"261\">4 personas - 280<\/li><li data-section-id=\"1olde8s\" data-start=\"262\" data-end=\"316\">5 personas o m\u00e1s - 60\u20ac \/ persona <em data-start=\"297\" data-end=\"314\">(m\u00e1x. 8 personas)<\/em><\/li><\/ul><p data-start=\"318\" data-end=\"343\"><strong data-start=\"318\" data-end=\"343\">Bonificaci\u00f3n familiar especial:<\/strong><\/p><ul data-start=\"344\" data-end=\"397\"><li data-section-id=\"a244ha\" data-start=\"344\" data-end=\"370\">Hasta 4 personas - 200***<\/li><li data-section-id=\"4m15zh\" data-start=\"371\" data-end=\"397\">Hasta 5 personas - 220\u20ac***<\/li><\/ul><p data-start=\"399\" data-end=\"528\"><em data-start=\"399\" data-end=\"528\">***La bonificaci\u00f3n familiar s\u00f3lo se aplica a los padres o tutores acompa\u00f1ados de sus hijos (menores de 18 a\u00f1os). Los grupos s\u00f3lo de adultos no son elegibles. <\/em><\/p><p>Correo electr\u00f3nico: <a href=\"mailto:Info@forest-adventures.eu\">Info@forest-adventures.eu<\/a><\/p><p>GSM: <a href=\"tel:+38630333533\">+386 30 333 533<\/a><\/p><p>WhatsApp: <a href=\"https:\/\/api.whatsapp.com\/send?phone=38630333533\"><img loading=\"lazy\" decoding=\"async\" src=\"https:\/\/www.forest-adventures.eu\/wp-content\/uploads\/2021\/08\/whatsapp-e1628749593454.png\" alt=\"Icono de WhatsApp\" width=\"32\" height=\"33\" data-tf-not-load=\"1\"><\/a> <a href=\"https:\/\/api.whatsapp.com\/send?phone=38630333533\">+386 30 333 533<\/a><\/p><h3>Comienza la observaci\u00f3n de osos en la ciudad de Postojna<\/h3>","_links":{"self":[{"href":"https:\/\/www.forest-adventures.eu\/es\/wp-json\/wp\/v2\/pages\/1629","targetHints":{"allow":["GET"]}}],"collection":[{"href":"https:\/\/www.forest-adventures.eu\/es\/wp-json\/wp\/v2\/pages"}],"about":[{"href":"https:\/\/www.forest-adventures.eu\/es\/wp-json\/wp\/v2\/types\/page"}],"author":[{"embeddable":true,"href":"https:\/\/www.forest-adventures.eu\/es\/wp-json\/wp\/v2\/users\/1"}],"replies":[{"embeddable":true,"href":"https:\/\/www.forest-adventures.eu\/es\/wp-json\/wp\/v2\/comments?post=1629"}],"version-history":[{"count":9,"href":"https:\/\/www.forest-adventures.eu\/es\/wp-json\/wp\/v2\/pages\/1629\/revisions"}],"predecessor-version":[{"id":1710,"href":"https:\/\/www.forest-adventures.eu\/es\/wp-json\/wp\/v2\/pages\/1629\/revisions\/1710"}],"wp:attachment":[{"href":"https:\/\/www.forest-adventures.eu\/es\/wp-json\/wp\/v2\/media?parent=1629"}],"curies":[{"name":"wp","href":"https:\/\/api.w.org\/{rel}","templated":true}]}}