{"id":1625,"date":"2025-03-23T21:52:47","date_gmt":"2025-03-23T20:52:47","guid":{"rendered":"https:\/\/www.forest-adventures.eu\/buchen\/"},"modified":"2026-04-24T20:49:26","modified_gmt":"2026-04-24T18:49:26","slug":"buchen","status":"publish","type":"page","link":"https:\/\/www.forest-adventures.eu\/de\/buchen\/","title":{"rendered":"Buchen"},"content":{"rendered":"<!--themify_builder_content-->\n<div id=\"themify_builder_content-1625\" data-postid=\"1625\" class=\"themify_builder_content themify_builder_content-1625 themify_builder tf_clear\">\n                    <div  data-lazy=\"1\" class=\"module_row themify_builder_row tb_6rzl668 tb_first tf_w\">\n                        <div class=\"row_inner col_align_top tb_col_count_1 tf_box tf_rel\">\n                        <div  data-lazy=\"1\" class=\"module_column tb-column col-full tb_l28d668 first\">\n                    <!-- module text -->\n<div  class=\"module module-text tb_86ha422   \" data-lazy=\"1\">\n        <div  class=\"tb_text_wrap\">\n        <div class=\"module module-fancy-heading tb_m5y6367 tb_hide_divider\"><h1 class=\"fancy-heading\"><span class=\"main-head tf_block\">Buch B\u00e4renbeobachtung<\/span><\/h1><\/div><div class=\"module module-text tb_9yti803\"><div class=\"tb_text_wrap\"><h3>B\u00c4RENBEOBACHTUNGSPREISLISTE:<\/h3><ul data-start=\"180\" data-end=\"316\"><li data-section-id=\"yapmal\" data-start=\"180\" data-end=\"198\">1 Person &#8211; 90\u20ac<\/li><li data-section-id=\"seg43h\" data-start=\"199\" data-end=\"219\">2 Personen &#8211; 180\u20ac<\/li><li data-section-id=\"3iadf7\" data-start=\"220\" data-end=\"240\">3 Personen &#8211; 240\u20ac<\/li><li data-section-id=\"diw66w\" data-start=\"241\" data-end=\"261\">4 Personen &#8211; 280\u20ac<\/li><li data-section-id=\"1olde8s\" data-start=\"262\" data-end=\"316\">5 Personen oder mehr &#8211; 60\u20ac \/ Person <em data-start=\"297\" data-end=\"314\">(max 8 Personen)<\/em><\/li><\/ul><p data-start=\"318\" data-end=\"343\"><strong data-start=\"318\" data-end=\"343\">Besonderer Familienbonus:<\/strong><\/p><ul data-start=\"344\" data-end=\"397\"><li data-section-id=\"a244ha\" data-start=\"344\" data-end=\"370\">Bis zu 4 Personen &#8211; 200\u20ac***<\/li><li data-section-id=\"4m15zh\" data-start=\"371\" data-end=\"397\">Bis zu 5 Personen &#8211; 220\u20ac***<\/li><\/ul><p data-start=\"399\" data-end=\"528\"><em data-start=\"399\" data-end=\"528\">***Familienbonus gilt nur f\u00fcr Eltern oder Erziehungsberechtigte in Begleitung ihrer Kinder (unter 18 Jahren). Gruppen, die nur aus Erwachsenen bestehen, sind nicht teilnahmeberechtigt. <\/em><\/p><p>E-Mail: <a href=\"mailto:Info@forest-adventures.eu\">Info@forest-adventures.eu<\/a><\/p><p>GSM: <a href=\"tel:+38630333533\">+386 30 333 533<\/a><\/p><p>WhatsApp: <a href=\"https:\/\/api.whatsapp.com\/send?phone=38630333533\"><img loading=\"lazy\" decoding=\"async\" class=\"whatsapp-icon\" src=\"https:\/\/www.forest-adventures.eu\/wp-content\/uploads\/2021\/08\/whatsapp-e1628749593454.png\" alt=\"WhatsApp-Symbol\" width=\"32\" height=\"33\" data-tf-not-load=\"1\"><\/a> <a href=\"https:\/\/api.whatsapp.com\/send?phone=38630333533\">+386 30 333 533<\/a><\/p><\/div><\/div><div class=\"module module-image tb_d3u9829 image-top tf_mw\"><h3 class=\"module-title\">B\u00e4renbeobachtung beginnt in der Stadt Postojna<\/h3><\/div>    <\/div>\n<\/div>\n<!-- \/module text -->        <\/div>\n                        <\/div>\n        <\/div>\n        <\/div>\n<!--\/themify_builder_content-->","protected":false},"excerpt":{"rendered":"<p>Buch B\u00e4renbeobachtung B\u00c4RENBEOBACHTUNGSPREISLISTE: 1 Person &#8211; 90\u20ac 2 Personen &#8211; 180\u20ac 3 Personen &#8211; 240\u20ac 4 Personen &#8211; 280\u20ac 5 Personen oder mehr &#8211; 60\u20ac \/ Person (max 8 Personen) Besonderer Familienbonus: Bis zu 4 Personen &#8211; 200\u20ac*** Bis zu 5 Personen &#8211; 220\u20ac*** ***Familienbonus gilt nur f\u00fcr Eltern oder Erziehungsberechtigte in Begleitung ihrer Kinder [&hellip;]<\/p>\n","protected":false},"author":1,"featured_media":0,"parent":0,"menu_order":0,"comment_status":"closed","ping_status":"closed","template":"","meta":{"footnotes":""},"class_list":["post-1625","page","type-page","status-publish","placeholder-for-hentry","has-post-title","has-post-date","has-post-category","has-post-tag","has-post-comment","has-post-author",""],"yoast_head":"<!-- This site is optimized with the Yoast SEO plugin v27.4 - https:\/\/yoast.com\/product\/yoast-seo-wordpress\/ -->\n<title>Buchen - FORest ADVENTURES<\/title>\n<meta name=\"robots\" content=\"index, follow, max-snippet:-1, max-image-preview:large, max-video-preview:-1\" \/>\n<link rel=\"canonical\" href=\"https:\/\/www.forest-adventures.eu\/de\/buchen\/\" \/>\n<meta property=\"og:locale\" content=\"de_DE\" \/>\n<meta property=\"og:type\" content=\"article\" \/>\n<meta property=\"og:title\" content=\"Buchen - FORest ADVENTURES\" \/>\n<meta property=\"og:description\" content=\"Buch B\u00e4renbeobachtung B\u00c4RENBEOBACHTUNGSPREISLISTE: 1 Person &#8211; 90\u20ac 2 Personen &#8211; 180\u20ac 3 Personen &#8211; 240\u20ac 4 Personen &#8211; 280\u20ac 5 Personen oder mehr &#8211; 60\u20ac \/ Person (max 8 Personen) Besonderer Familienbonus: Bis zu 4 Personen &#8211; 200\u20ac*** Bis zu 5 Personen &#8211; 220\u20ac*** ***Familienbonus gilt nur f\u00fcr Eltern oder Erziehungsberechtigte in Begleitung ihrer Kinder [&hellip;]\" \/>\n<meta property=\"og:url\" content=\"https:\/\/www.forest-adventures.eu\/de\/buchen\/\" \/>\n<meta property=\"og:site_name\" content=\"FORest ADVENTURES\" \/>\n<meta property=\"article:publisher\" content=\"https:\/\/www.facebook.com\/forestadventures.eu\/\" \/>\n<meta property=\"article:modified_time\" content=\"2026-04-24T18:49:26+00:00\" \/>\n<meta property=\"og:image\" content=\"https:\/\/www.forest-adventures.eu\/wp-content\/uploads\/2021\/08\/whatsapp-e1628749593454.png\" \/>\n<meta name=\"twitter:card\" content=\"summary_large_image\" \/>\n<script type=\"application\/ld+json\" class=\"yoast-schema-graph\">{\"@context\":\"https:\\\/\\\/schema.org\",\"@graph\":[{\"@type\":\"WebPage\",\"@id\":\"https:\\\/\\\/www.forest-adventures.eu\\\/de\\\/buchen\\\/\",\"url\":\"https:\\\/\\\/www.forest-adventures.eu\\\/de\\\/buchen\\\/\",\"name\":\"Buchen - FORest ADVENTURES\",\"isPartOf\":{\"@id\":\"https:\\\/\\\/www.forest-adventures.eu\\\/de\\\/#website\"},\"primaryImageOfPage\":{\"@id\":\"https:\\\/\\\/www.forest-adventures.eu\\\/de\\\/buchen\\\/#primaryimage\"},\"image\":{\"@id\":\"https:\\\/\\\/www.forest-adventures.eu\\\/de\\\/buchen\\\/#primaryimage\"},\"thumbnailUrl\":\"https:\\\/\\\/www.forest-adventures.eu\\\/wp-content\\\/uploads\\\/2021\\\/08\\\/whatsapp-e1628749593454.png\",\"datePublished\":\"2025-03-23T20:52:47+00:00\",\"dateModified\":\"2026-04-24T18:49:26+00:00\",\"breadcrumb\":{\"@id\":\"https:\\\/\\\/www.forest-adventures.eu\\\/de\\\/buchen\\\/#breadcrumb\"},\"inLanguage\":\"de\",\"potentialAction\":[{\"@type\":\"ReadAction\",\"target\":[\"https:\\\/\\\/www.forest-adventures.eu\\\/de\\\/buchen\\\/\"]}]},{\"@type\":\"ImageObject\",\"inLanguage\":\"de\",\"@id\":\"https:\\\/\\\/www.forest-adventures.eu\\\/de\\\/buchen\\\/#primaryimage\",\"url\":\"https:\\\/\\\/www.forest-adventures.eu\\\/wp-content\\\/uploads\\\/2021\\\/08\\\/whatsapp-e1628749593454.png\",\"contentUrl\":\"https:\\\/\\\/www.forest-adventures.eu\\\/wp-content\\\/uploads\\\/2021\\\/08\\\/whatsapp-e1628749593454.png\"},{\"@type\":\"BreadcrumbList\",\"@id\":\"https:\\\/\\\/www.forest-adventures.eu\\\/de\\\/buchen\\\/#breadcrumb\",\"itemListElement\":[{\"@type\":\"ListItem\",\"position\":1,\"name\":\"Home\",\"item\":\"https:\\\/\\\/www.forest-adventures.eu\\\/de\\\/baerenbeobachtung-in-slowenien\\\/\"},{\"@type\":\"ListItem\",\"position\":2,\"name\":\"Buchen\"}]},{\"@type\":\"WebSite\",\"@id\":\"https:\\\/\\\/www.forest-adventures.eu\\\/de\\\/#website\",\"url\":\"https:\\\/\\\/www.forest-adventures.eu\\\/de\\\/\",\"name\":\"FORest ADVENTURES\",\"description\":\"B\u00e4renbeobachtung in Slowenien. Beobachten Sie B\u00e4ren in ihrem nat\u00fcrlichen Lebensraum \u2013 sicher und verantwortungsbewusst, mit uns.\",\"potentialAction\":[{\"@type\":\"SearchAction\",\"target\":{\"@type\":\"EntryPoint\",\"urlTemplate\":\"https:\\\/\\\/www.forest-adventures.eu\\\/de\\\/?s={search_term_string}\"},\"query-input\":{\"@type\":\"PropertyValueSpecification\",\"valueRequired\":true,\"valueName\":\"search_term_string\"}}],\"inLanguage\":\"de\"}]}<\/script>\n<!-- \/ Yoast SEO plugin. -->","yoast_head_json":{"title":"Buchen - FORest ADVENTURES","robots":{"index":"index","follow":"follow","max-snippet":"max-snippet:-1","max-image-preview":"max-image-preview:large","max-video-preview":"max-video-preview:-1"},"canonical":"https:\/\/www.forest-adventures.eu\/de\/buchen\/","og_locale":"de_DE","og_type":"article","og_title":"Buchen - FORest ADVENTURES","og_description":"Buch B\u00e4renbeobachtung B\u00c4RENBEOBACHTUNGSPREISLISTE: 1 Person &#8211; 90\u20ac 2 Personen &#8211; 180\u20ac 3 Personen &#8211; 240\u20ac 4 Personen &#8211; 280\u20ac 5 Personen oder mehr &#8211; 60\u20ac \/ Person (max 8 Personen) Besonderer Familienbonus: Bis zu 4 Personen &#8211; 200\u20ac*** Bis zu 5 Personen &#8211; 220\u20ac*** ***Familienbonus gilt nur f\u00fcr Eltern oder Erziehungsberechtigte in Begleitung ihrer Kinder [&hellip;]","og_url":"https:\/\/www.forest-adventures.eu\/de\/buchen\/","og_site_name":"FORest ADVENTURES","article_publisher":"https:\/\/www.facebook.com\/forestadventures.eu\/","article_modified_time":"2026-04-24T18:49:26+00:00","og_image":[{"url":"https:\/\/www.forest-adventures.eu\/wp-content\/uploads\/2021\/08\/whatsapp-e1628749593454.png","type":"","width":"","height":""}],"twitter_card":"summary_large_image","schema":{"@context":"https:\/\/schema.org","@graph":[{"@type":"WebPage","@id":"https:\/\/www.forest-adventures.eu\/de\/buchen\/","url":"https:\/\/www.forest-adventures.eu\/de\/buchen\/","name":"Buchen - FORest ADVENTURES","isPartOf":{"@id":"https:\/\/www.forest-adventures.eu\/de\/#website"},"primaryImageOfPage":{"@id":"https:\/\/www.forest-adventures.eu\/de\/buchen\/#primaryimage"},"image":{"@id":"https:\/\/www.forest-adventures.eu\/de\/buchen\/#primaryimage"},"thumbnailUrl":"https:\/\/www.forest-adventures.eu\/wp-content\/uploads\/2021\/08\/whatsapp-e1628749593454.png","datePublished":"2025-03-23T20:52:47+00:00","dateModified":"2026-04-24T18:49:26+00:00","breadcrumb":{"@id":"https:\/\/www.forest-adventures.eu\/de\/buchen\/#breadcrumb"},"inLanguage":"de","potentialAction":[{"@type":"ReadAction","target":["https:\/\/www.forest-adventures.eu\/de\/buchen\/"]}]},{"@type":"ImageObject","inLanguage":"de","@id":"https:\/\/www.forest-adventures.eu\/de\/buchen\/#primaryimage","url":"https:\/\/www.forest-adventures.eu\/wp-content\/uploads\/2021\/08\/whatsapp-e1628749593454.png","contentUrl":"https:\/\/www.forest-adventures.eu\/wp-content\/uploads\/2021\/08\/whatsapp-e1628749593454.png"},{"@type":"BreadcrumbList","@id":"https:\/\/www.forest-adventures.eu\/de\/buchen\/#breadcrumb","itemListElement":[{"@type":"ListItem","position":1,"name":"Home","item":"https:\/\/www.forest-adventures.eu\/de\/baerenbeobachtung-in-slowenien\/"},{"@type":"ListItem","position":2,"name":"Buchen"}]},{"@type":"WebSite","@id":"https:\/\/www.forest-adventures.eu\/de\/#website","url":"https:\/\/www.forest-adventures.eu\/de\/","name":"FORest ADVENTURES","description":"B\u00e4renbeobachtung in Slowenien. Beobachten Sie B\u00e4ren in ihrem nat\u00fcrlichen Lebensraum \u2013 sicher und verantwortungsbewusst, mit uns.","potentialAction":[{"@type":"SearchAction","target":{"@type":"EntryPoint","urlTemplate":"https:\/\/www.forest-adventures.eu\/de\/?s={search_term_string}"},"query-input":{"@type":"PropertyValueSpecification","valueRequired":true,"valueName":"search_term_string"}}],"inLanguage":"de"}]}},"builder_content":"<h1>Buch B\u00e4renbeobachtung<\/h1><h3>B\u00c4RENBEOBACHTUNGSPREISLISTE:<\/h3><ul data-start=\"180\" data-end=\"316\"><li data-section-id=\"yapmal\" data-start=\"180\" data-end=\"198\">1 Person - 90\u20ac<\/li><li data-section-id=\"seg43h\" data-start=\"199\" data-end=\"219\">2 Personen - 180\u20ac<\/li><li data-section-id=\"3iadf7\" data-start=\"220\" data-end=\"240\">3 Personen - 240\u20ac<\/li><li data-section-id=\"diw66w\" data-start=\"241\" data-end=\"261\">4 Personen - 280\u20ac<\/li><li data-section-id=\"1olde8s\" data-start=\"262\" data-end=\"316\">5 Personen oder mehr - 60\u20ac \/ Person <em data-start=\"297\" data-end=\"314\">(max 8 Personen)<\/em><\/li><\/ul><p data-start=\"318\" data-end=\"343\"><strong data-start=\"318\" data-end=\"343\">Besonderer Familienbonus:<\/strong><\/p><ul data-start=\"344\" data-end=\"397\"><li data-section-id=\"a244ha\" data-start=\"344\" data-end=\"370\">Bis zu 4 Personen - 200\u20ac***<\/li><li data-section-id=\"4m15zh\" data-start=\"371\" data-end=\"397\">Bis zu 5 Personen - 220\u20ac***<\/li><\/ul><p data-start=\"399\" data-end=\"528\"><em data-start=\"399\" data-end=\"528\">***Familienbonus gilt nur f\u00fcr Eltern oder Erziehungsberechtigte in Begleitung ihrer Kinder (unter 18 Jahren). Gruppen, die nur aus Erwachsenen bestehen, sind nicht teilnahmeberechtigt. <\/em><\/p><p>E-Mail: <a href=\"mailto:Info@forest-adventures.eu\">Info@forest-adventures.eu<\/a><\/p><p>GSM: <a href=\"tel:+38630333533\">+386 30 333 533<\/a><\/p><p>WhatsApp: <a href=\"https:\/\/api.whatsapp.com\/send?phone=38630333533\"><img loading=\"lazy\" decoding=\"async\" src=\"https:\/\/www.forest-adventures.eu\/wp-content\/uploads\/2021\/08\/whatsapp-e1628749593454.png\" alt=\"WhatsApp-Symbol\" width=\"32\" height=\"33\" data-tf-not-load=\"1\"><\/a> <a href=\"https:\/\/api.whatsapp.com\/send?phone=38630333533\">+386 30 333 533<\/a><\/p><h3>B\u00e4renbeobachtung beginnt in der Stadt Postojna<\/h3>","_links":{"self":[{"href":"https:\/\/www.forest-adventures.eu\/de\/wp-json\/wp\/v2\/pages\/1625","targetHints":{"allow":["GET"]}}],"collection":[{"href":"https:\/\/www.forest-adventures.eu\/de\/wp-json\/wp\/v2\/pages"}],"about":[{"href":"https:\/\/www.forest-adventures.eu\/de\/wp-json\/wp\/v2\/types\/page"}],"author":[{"embeddable":true,"href":"https:\/\/www.forest-adventures.eu\/de\/wp-json\/wp\/v2\/users\/1"}],"replies":[{"embeddable":true,"href":"https:\/\/www.forest-adventures.eu\/de\/wp-json\/wp\/v2\/comments?post=1625"}],"version-history":[{"count":5,"href":"https:\/\/www.forest-adventures.eu\/de\/wp-json\/wp\/v2\/pages\/1625\/revisions"}],"predecessor-version":[{"id":1692,"href":"https:\/\/www.forest-adventures.eu\/de\/wp-json\/wp\/v2\/pages\/1625\/revisions\/1692"}],"wp:attachment":[{"href":"https:\/\/www.forest-adventures.eu\/de\/wp-json\/wp\/v2\/media?parent=1625"}],"curies":[{"name":"wp","href":"https:\/\/api.w.org\/{rel}","templated":true}]}}